{"id":203,"date":"2020-12-06T21:07:46","date_gmt":"2020-12-06T21:07:46","guid":{"rendered":"https:\/\/www.rim.eu.com\/roller-coster\/?page_id=203"},"modified":"2023-03-09T18:25:24","modified_gmt":"2023-03-09T18:25:24","slug":"data-management","status":"publish","type":"page","link":"https:\/\/www.rim.eu.com\/roller-coster\/home\/data-management\/","title":{"rendered":"Data Management and Funding"},"content":{"rendered":"\n<h1><strong>Data Management<\/strong><\/h1>\n\n\n\n<h1>Data Protection Officer<\/h1>\n\n\n\n<p><strong>DPO at the beneficiary ETH Z\u00fcrich:<\/strong><\/p>\n\n\n\n<p>Mail: <a href=\"mailto:ds@ethz.ch\">ds@ethz.ch<\/a><\/p>\n\n\n\n<p>Tomislav Mitar, lic. iur.<br>Legal Service &amp; Data Protection Officer (DPO)<br>Eidgen\u00f6ssische Technische Hochschule Z\u00fcrich<br>R\u00e4mistrasse 101, CH-8092 Z\u00fcrich<br>Tel. +41 44 632 21 21<br>Fax&nbsp; +41 44 632 11 20<br><\/p>\n\n\n\n<p><strong>DPO at the host organisation Harvard University:<\/strong><\/p>\n\n\n\n<p>Mail: <a href=\"mailto:GDPRrepresentative@harvard.edu\">GDPRrepresentative@harvard.edu<\/a><\/p>\n\n\n\n<p>Address: Harvard Global UK<br>Attention: GDPR Representative<br>71 Queen Victoria Street<br>London, United Kingdom, EC4V 4BE <strong><br><\/strong><\/p>\n\n\n\n<h1>Funding<\/h1>\n\n\n\n<figure class=\"wp-block-image size-large is-resized\"><img loading=\"lazy\" src=\"https:\/\/www.rim.eu.com\/roller-coster\/wp-content\/uploads\/2023\/03\/normal-reproduction-low-resolution.jpg\" alt=\"\" class=\"wp-image-308\" width=\"217\" height=\"145\" srcset=\"https:\/\/www.rim.eu.com\/roller-coster\/wp-content\/uploads\/2023\/03\/normal-reproduction-low-resolution.jpg 600w, https:\/\/www.rim.eu.com\/roller-coster\/wp-content\/uploads\/2023\/03\/normal-reproduction-low-resolution-300x201.jpg 300w, https:\/\/www.rim.eu.com\/roller-coster\/wp-content\/uploads\/2023\/03\/normal-reproduction-low-resolution-275x184.jpg 275w, https:\/\/www.rim.eu.com\/roller-coster\/wp-content\/uploads\/2023\/03\/normal-reproduction-low-resolution-244x164.jpg 244w\" sizes=\"(max-width: 217px) 100vw, 217px\" \/><\/figure>\n\n\n\n<p><strong>This project has received funding from the European Union\u2019s Horizon 2020 research and innovation programme under grant agreement 882168.<\/strong><\/p>\n","protected":false},"excerpt":{"rendered":"<p>Data Management Data Protection Officer DPO at the beneficiary ETH Z\u00fcrich: Mail: ds@ethz.ch Tomislav Mitar, lic. iur.Legal Service &amp; Data Protection Officer (DPO)Eidgen\u00f6ssische Technische Hochschule Z\u00fcrichR\u00e4mistrasse 101, CH-8092 Z\u00fcrichTel. +41 44 632 21 21Fax&nbsp; +41 44 632 11 20 DPO at the host organisation Harvard University: Mail: GDPRrepresentative@harvard.edu Address: Harvard Global UKAttention: GDPR Representative71 Queen [&hellip;]<\/p>\n","protected":false},"author":1,"featured_media":0,"parent":11,"menu_order":0,"comment_status":"closed","ping_status":"closed","template":"","meta":[],"_links":{"self":[{"href":"https:\/\/www.rim.eu.com\/roller-coster\/wp-json\/wp\/v2\/pages\/203"}],"collection":[{"href":"https:\/\/www.rim.eu.com\/roller-coster\/wp-json\/wp\/v2\/pages"}],"about":[{"href":"https:\/\/www.rim.eu.com\/roller-coster\/wp-json\/wp\/v2\/types\/page"}],"author":[{"embeddable":true,"href":"https:\/\/www.rim.eu.com\/roller-coster\/wp-json\/wp\/v2\/users\/1"}],"replies":[{"embeddable":true,"href":"https:\/\/www.rim.eu.com\/roller-coster\/wp-json\/wp\/v2\/comments?post=203"}],"version-history":[{"count":25,"href":"https:\/\/www.rim.eu.com\/roller-coster\/wp-json\/wp\/v2\/pages\/203\/revisions"}],"predecessor-version":[{"id":309,"href":"https:\/\/www.rim.eu.com\/roller-coster\/wp-json\/wp\/v2\/pages\/203\/revisions\/309"}],"up":[{"embeddable":true,"href":"https:\/\/www.rim.eu.com\/roller-coster\/wp-json\/wp\/v2\/pages\/11"}],"wp:attachment":[{"href":"https:\/\/www.rim.eu.com\/roller-coster\/wp-json\/wp\/v2\/media?parent=203"}],"curies":[{"name":"wp","href":"https:\/\/api.w.org\/{rel}","templated":true}]}}